{"id":1059,"date":"2026-03-24T03:58:05","date_gmt":"2026-03-24T03:58:05","guid":{"rendered":"https:\/\/langagevibrant.com\/contact\/"},"modified":"2026-04-12T23:38:52","modified_gmt":"2026-04-13T03:38:52","slug":"contact","status":"publish","type":"page","link":"https:\/\/langagevibrant.com\/fr\/contact\/","title":{"rendered":"Contact"},"content":{"rendered":"<div data-elementor-type=\"wp-page\" data-elementor-id=\"1059\" class=\"elementor elementor-1059\">\n\t\t\t\t<div class=\"elementor-element elementor-element-c6c17a7 e-flex e-con-boxed e-con e-parent\" data-id=\"c6c17a7\" data-element_type=\"container\" data-e-type=\"container\" data-settings=\"{&quot;background_background&quot;:&quot;classic&quot;}\">\n\t\t\t\t\t<div class=\"e-con-inner\">\n\t\t<div class=\"elementor-element elementor-element-fb1d57f e-con-full e-flex e-con e-child\" data-id=\"fb1d57f\" data-element_type=\"container\" data-e-type=\"container\">\n\t\t<div class=\"elementor-element elementor-element-14f9da5 e-con-full e-flex e-con e-child\" data-id=\"14f9da5\" data-element_type=\"container\" data-e-type=\"container\">\n\t\t<div class=\"elementor-element elementor-element-005c7dd e-con-full e-flex e-con e-child\" data-id=\"005c7dd\" data-element_type=\"container\" data-e-type=\"container\">\n\t\t\t\t<div class=\"elementor-element elementor-element-9da6bb1 elementor-widget elementor-widget-heading\" data-id=\"9da6bb1\" data-element_type=\"widget\" data-e-type=\"widget\" data-widget_type=\"heading.default\">\n\t\t\t\t\t<h6 class=\"elementor-heading-title elementor-size-default\">Contact<\/h6>\t\t\t\t<\/div>\n\t\t\t\t<div class=\"elementor-element elementor-element-6a23cbe elementor-widget elementor-widget-heading\" data-id=\"6a23cbe\" data-element_type=\"widget\" data-e-type=\"widget\" data-widget_type=\"heading.default\">\n\t\t\t\t\t<h1 class=\"elementor-heading-title elementor-size-default\">Vous \u00eates pr\u00eat \u00e0 consulter, mais vous ne savez pas par o\u00f9 commencer ?<\/h1>\t\t\t\t<\/div>\n\t\t\t\t<div class=\"elementor-element elementor-element-f6112e0 elementor-widget elementor-widget-text-editor\" data-id=\"f6112e0\" data-element_type=\"widget\" data-e-type=\"widget\" data-widget_type=\"text-editor.default\">\n\t\t\t\t\t\t\t\t\t<p>Il peut \u00eatre intimidant de prendre contact avec des professionnels de la sant\u00e9. Nous sommes l\u00e0 pour vous accompagner \u00e0 chaque \u00e9tape de ce processus.<\/p><p>N\u2019h\u00e9sitez pas \u00e0 nous contacter en utilisant notre formulaire \u00ab Informations de Consultation \u00bb ci-dessous ; nous vous r\u00e9pondrons dans les plus brefs d\u00e9lais.<\/p><p>Nous avons h\u00e2te de travailler avec vous !<\/p>\t\t\t\t\t\t\t\t<\/div>\n\t\t\t\t<\/div>\n\t\t\t\t<\/div>\n\t\t\t\t<\/div>\n\t\t\t\t\t<\/div>\n\t\t\t\t<\/div>\n\t\t<div class=\"elementor-element elementor-element-8ba86ac e-flex e-con-boxed e-con e-parent\" data-id=\"8ba86ac\" data-element_type=\"container\" data-e-type=\"container\">\n\t\t\t\t\t<div class=\"e-con-inner\">\n\t\t\t\t<div class=\"elementor-element elementor-element-6664d7e elementor-widget elementor-widget-heading\" data-id=\"6664d7e\" data-element_type=\"widget\" data-e-type=\"widget\" data-widget_type=\"heading.default\">\n\t\t\t\t\t<h1 class=\"elementor-heading-title elementor-size-default\">Informations de consultation<\/h1>\t\t\t\t<\/div>\n\t\t\t\t<div class=\"elementor-element elementor-element-c537f59 elementor-widget elementor-widget-text-editor\" data-id=\"c537f59\" data-element_type=\"widget\" data-e-type=\"widget\" data-widget_type=\"text-editor.default\">\n\t\t\t\t\t\t\t\t\t<p>En remplissant ce formulaire, vous acceptez notre <a href=\"https:\/\/langagevibrant.com\/fr\/privacy-policy\/\">politique de confidentialit\u00e9<\/a> et vous reconnaissez que les informations que vous fournissez seront transmises aux orthophonistes de la Clinique Langage Vibrant afin de fournir, \u00e0 vous ou \u00e0 la personne pour laquelle vous remplissez ce formulaire, les services d'orthophonie demand\u00e9s.<\/p>\t\t\t\t\t\t\t\t<\/div>\n\t\t\t\t\t<\/div>\n\t\t\t\t<\/div>\n\t\t<div class=\"elementor-element elementor-element-017e82f e-flex e-con-boxed e-con e-parent\" data-id=\"017e82f\" data-element_type=\"container\" data-e-type=\"container\">\n\t\t\t\t\t<div class=\"e-con-inner\">\n\t\t\t\t<div class=\"elementor-element elementor-element-b444075 elementor-widget elementor-widget-wp-widget-forminator_widget\" data-id=\"b444075\" data-element_type=\"widget\" data-e-type=\"widget\" data-widget_type=\"wp-widget-forminator_widget.default\">\n\t\t\t\t<div class=\"elementor-widget-container\">\n\t\t\t\t\t<div class=\"forminator-ui forminator-custom-form forminator-custom-form-1687 forminator-design--bold  forminator_ajax\" data-forminator-render=\"0\" data-form=\"forminator-module-1687\" data-uid=\"6a018b34ec7b4\"><br\/><\/div><form\n\t\t\t\tid=\"forminator-module-1687\"\n\t\t\t\tclass=\"forminator-ui forminator-custom-form forminator-custom-form-1687 forminator-design--bold  forminator_ajax\"\n\t\t\t\tmethod=\"post\"\n\t\t\t\tdata-forminator-render=\"0\"\n\t\t\t\tdata-form-id=\"1687\"\n\t\t\t\t data-color-option=\"theme\" data-design=\"bold\" data-grid=\"open\" style=\"display: none;\"\n\t\t\t\tdata-uid=\"6a018b34ec7b4\" action=\"\"\n\t\t\t><div role=\"alert\" aria-live=\"polite\" class=\"forminator-response-message forminator-error\" aria-hidden=\"true\"><\/div><div class=\"forminator-row\"><div id=\"name-1\" class=\"forminator-field-name forminator-col forminator-col-12\"><div class=\"forminator-field\"><label for=\"forminator-field-name-1_6a018b34ec7b4\" id=\"forminator-field-name-1_6a018b34ec7b4-label\" class=\"forminator-label\">Votre nom <span class=\"forminator-required\">*<\/span><\/label><input type=\"text\" name=\"name-1\" value=\"\" placeholder=\"\" id=\"forminator-field-name-1_6a018b34ec7b4\" class=\"forminator-input forminator-name--field\" aria-required=\"true\" autocomplete=\"name\" \/><\/div><\/div><\/div><div class=\"forminator-row\"><div id=\"name-2\" class=\"forminator-field-name forminator-col forminator-col-12\"><div class=\"forminator-field\"><label for=\"forminator-field-name-2_6a018b34ec7b4\" id=\"forminator-field-name-2_6a018b34ec7b4-label\" class=\"forminator-label\">Nom du client qui a besoin des services orthophoniques <span class=\"forminator-required\">*<\/span><\/label><input type=\"text\" name=\"name-2\" value=\"\" placeholder=\"\" id=\"forminator-field-name-2_6a018b34ec7b4\" class=\"forminator-input forminator-name--field\" aria-required=\"true\" autocomplete=\"name\" \/><\/div><\/div><\/div><div class=\"forminator-row\"><div id=\"text-4\" class=\"forminator-field-text forminator-col forminator-col-12\"><div class=\"forminator-field\"><label for=\"forminator-field-text-4_6a018b34ec7b4\" id=\"forminator-field-text-4_6a018b34ec7b4-label\" class=\"forminator-label\">Votre relation au client <span class=\"forminator-required\">*<\/span><\/label><input type=\"text\" name=\"text-4\" value=\"\" placeholder=\"\" id=\"forminator-field-text-4_6a018b34ec7b4\" class=\"forminator-input forminator-name--field\" data-required=\"1\" \/><\/div><\/div><\/div><div class=\"forminator-row\"><div id=\"date-1\" class=\"forminator-field-date forminator-col forminator-col-12\"><div class=\"forminator-field\"><label for=\"forminator-field-date-1-picker_6a018b34ec7b4\" id=\"forminator-field-date-1-picker_6a018b34ec7b4-label\" class=\"forminator-label\">Date de naissance du client <span class=\"forminator-required\">*<\/span><\/label><div class=\"forminator-input-with-icon\"><span class=\"forminator-icon-calendar\" aria-hidden=\"true\"><\/span><input autocomplete=\"off\" type=\"text\" size=\"1\" name=\"date-1\" value=\"\" placeholder=\"Choisir date\" id=\"forminator-field-date-1-picker_6a018b34ec7b4\" class=\"forminator-input forminator-datepicker\" data-required=\"1\" data-format=\"mm\/dd\/yy\" data-restrict-type=\"\" data-restrict=\"\" data-start-year=\"1926\" data-end-year=\"2126\" data-past-dates=\"enable\" data-start-of-week=\"1\" data-start-date=\"\" data-end-date=\"\" data-start-field=\"\" data-end-field=\"\" data-start-offset=\"\" data-end-offset=\"\" data-disable-date=\"\" data-disable-range=\"\" \/><\/div><\/div><\/div><\/div><div class=\"forminator-row\"><div id=\"email-1\" class=\"forminator-field-email forminator-col forminator-col-12\"><div class=\"forminator-field\"><label for=\"forminator-field-email-1_6a018b34ec7b4\" id=\"forminator-field-email-1_6a018b34ec7b4-label\" class=\"forminator-label\">Adresse courriel <span class=\"forminator-required\">*<\/span><\/label><input type=\"email\" name=\"email-1\" value=\"\" placeholder=\"\" id=\"forminator-field-email-1_6a018b34ec7b4\" class=\"forminator-input forminator-email--field\" data-required=\"true\" aria-required=\"true\" autocomplete=\"email\" \/><\/div><\/div><\/div><div class=\"forminator-row\"><div id=\"phone-1\" class=\"forminator-field-phone forminator-col forminator-col-12\"><div class=\"forminator-field\"><label for=\"forminator-field-phone-1_6a018b34ec7b4\" id=\"forminator-field-phone-1_6a018b34ec7b4-label\" class=\"forminator-label\">Num\u00e9ro de t\u00e9l\u00e9phone <span class=\"forminator-required\">*<\/span><\/label><input type=\"text\" name=\"phone-1\" value=\"\" placeholder=\"\" id=\"forminator-field-phone-1_6a018b34ec7b4\" class=\"forminator-input forminator-field--phone\" data-required=\"1\" aria-required=\"true\" autocomplete=\"off\" \/><\/div><\/div><\/div><div class=\"forminator-row\"><div id=\"text-1\" class=\"forminator-field-text forminator-col forminator-col-12\"><div class=\"forminator-field\"><label for=\"forminator-field-text-1_6a018b34ec7b4\" id=\"forminator-field-text-1_6a018b34ec7b4-label\" class=\"forminator-label\">Nom de la garderie \/ de l'\u00e9cole <span class=\"forminator-required\">*<\/span><\/label><input type=\"text\" name=\"text-1\" value=\"\" placeholder=\"\" id=\"forminator-field-text-1_6a018b34ec7b4\" class=\"forminator-input forminator-name--field\" data-required=\"1\" \/><\/div><\/div><\/div><div class=\"forminator-row\"><div id=\"text-2\" class=\"forminator-field-text forminator-col forminator-col-12\"><div class=\"forminator-field\"><label for=\"forminator-field-text-2_6a018b34ec7b4\" id=\"forminator-field-text-2_6a018b34ec7b4-label\" class=\"forminator-label\">Langue de scolarisation <span class=\"forminator-required\">*<\/span><\/label><input type=\"text\" name=\"text-2\" value=\"\" placeholder=\"\" id=\"forminator-field-text-2_6a018b34ec7b4\" class=\"forminator-input forminator-name--field\" data-required=\"1\" \/><\/div><\/div><\/div><div class=\"forminator-row\"><div id=\"text-3\" class=\"forminator-field-text forminator-col forminator-col-12\"><div class=\"forminator-field\"><label for=\"forminator-field-text-3_6a018b34ec7b4\" id=\"forminator-field-text-3_6a018b34ec7b4-label\" class=\"forminator-label\">Exposition \u00e0 d'autres langues <span class=\"forminator-required\">*<\/span><\/label><input type=\"text\" name=\"text-3\" value=\"\" placeholder=\"\" id=\"forminator-field-text-3_6a018b34ec7b4\" class=\"forminator-input forminator-name--field\" data-required=\"1\" \/><\/div><\/div><\/div><div class=\"forminator-row\"><div id=\"textarea-6\" class=\"forminator-field-textarea forminator-col forminator-col-12\"><div class=\"forminator-field\"><label for=\"forminator-field-textarea-6_6a018b34ec7b4\" id=\"forminator-field-textarea-6_6a018b34ec7b4-label\" class=\"forminator-label\">Motif de consultation (pr\u00e9occupations principales) <span class=\"forminator-required\">*<\/span><\/label><textarea name=\"textarea-6\" placeholder=\"\" id=\"forminator-field-textarea-6_6a018b34ec7b4\" class=\"forminator-textarea\" rows=\"6\" style=\"--forminator-textarea-min-height:140px;\" ><\/textarea><\/div><\/div><\/div><div class=\"forminator-row\"><div id=\"textarea-7\" class=\"forminator-field-textarea forminator-col forminator-col-12\"><div class=\"forminator-field\"><label for=\"forminator-field-textarea-7_6a018b34ec7b4\" id=\"forminator-field-textarea-7_6a018b34ec7b4-label\" class=\"forminator-label\">D\u00e9crivez les services professionnels dont vous avez d\u00e9j\u00e0 b\u00e9n\u00e9fici\u00e9 <span class=\"forminator-required\">*<\/span><\/label><textarea name=\"textarea-7\" placeholder=\"\" id=\"forminator-field-textarea-7_6a018b34ec7b4\" class=\"forminator-textarea\" rows=\"6\" style=\"--forminator-textarea-min-height:140px;\" ><\/textarea><\/div><\/div><\/div><div class=\"forminator-row\"><div id=\"select-1\" class=\"forminator-field-select forminator-col forminator-col-12\"><div class=\"forminator-field\"><label for=\"forminator-form-1687__field--select-1_6a018b34ec7b4\" id=\"forminator-form-1687__field--select-1_6a018b34ec7b4-label\" class=\"forminator-label\">Modalit\u00e9 des services d'intervention <span class=\"forminator-required\">*<\/span><\/label><select  id=\"forminator-form-1687__field--select-1_6a018b34ec7b4\" class=\"forminator-select--field forminator-select2 forminator-select2-multiple\" data-required=\"1\" name=\"select-1\" data-default-value=\"\" data-hidden-behavior=\"zero\" data-placeholder=\"Select Choice\" data-search=\"false\" data-search-placeholder=\"Select Choice\" data-checkbox=\"false\" data-allow-clear=\"false\" aria-labelledby=\"forminator-form-1687__field--select-1_6a018b34ec7b4-label\"><option value=\"\"  >Choisir<\/option><option value=\"one\"  data-calculation=\"0\">En pr\u00e9sentiel<\/option><option value=\"two\"  data-calculation=\"0\">Virtuel<\/option><\/select><\/div><\/div><\/div><div class=\"forminator-row\"><div id=\"textarea-8\" class=\"forminator-field-textarea forminator-col forminator-col-12\"><div class=\"forminator-field\"><label for=\"forminator-field-textarea-8_6a018b34ec7b4\" id=\"forminator-field-textarea-8_6a018b34ec7b4-label\" class=\"forminator-label\">Informations suppl\u00e9mentaires \/ inqui\u00e9tudes<\/label><textarea name=\"textarea-8\" placeholder=\"\" id=\"forminator-field-textarea-8_6a018b34ec7b4\" class=\"forminator-textarea\" rows=\"6\" style=\"--forminator-textarea-min-height:140px;\" ><\/textarea><\/div><\/div><\/div><div class=\"forminator-row\"><div id=\"textarea-9\" class=\"forminator-field-textarea forminator-col forminator-col-12\"><div class=\"forminator-field\"><label for=\"forminator-field-textarea-9_6a018b34ec7b4\" id=\"forminator-field-textarea-9_6a018b34ec7b4-label\" class=\"forminator-label\">Comment avez-vous entendu parler de nos services? <span class=\"forminator-required\">*<\/span><\/label><textarea name=\"textarea-9\" placeholder=\"\" id=\"forminator-field-textarea-9_6a018b34ec7b4\" class=\"forminator-textarea\" rows=\"6\" style=\"--forminator-textarea-min-height:140px;\" ><\/textarea><\/div><\/div><\/div><input type=\"hidden\" name=\"referer_url\" value=\"\" \/><div class=\"forminator-row forminator-row-last\"><div class=\"forminator-col\"><div class=\"forminator-field\"><button class=\"forminator-button forminator-button-submit\">Envoyer<\/button><\/div><\/div><\/div><input type=\"hidden\" id=\"forminator_nonce\" name=\"forminator_nonce\" value=\"24e25b1cd2\" \/><input type=\"hidden\" name=\"_wp_http_referer\" value=\"\/fr\/wp-json\/wp\/v2\/pages\/1059\" \/><input type=\"hidden\" name=\"form_id\" value=\"1687\"><input type=\"hidden\" name=\"page_id\" value=\"1059\"><input type=\"hidden\" name=\"form_type\" value=\"default\"><input type=\"hidden\" name=\"current_url\" value=\"https:\/\/langagevibrant.com\/fr\/contact\/\"><input type=\"hidden\" name=\"render_id\" value=\"0\"><input type=\"hidden\" name=\"action\" value=\"forminator_submit_form_custom-forms\"><input type=\"hidden\" name=\"trp-form-language\" value=\"fr\"\/><\/form>\t\t\t\t<\/div>\n\t\t\t\t<\/div>\n\t\t\t\t\t<\/div>\n\t\t\t\t<\/div>\n\t\t<div class=\"elementor-element elementor-element-54f562e e-flex e-con-boxed e-con e-parent\" data-id=\"54f562e\" data-element_type=\"container\" data-e-type=\"container\">\n\t\t\t\t\t<div class=\"e-con-inner\">\n\t\t\t\t<div class=\"elementor-element elementor-element-facabed elementor-widget elementor-widget-google_maps\" data-id=\"facabed\" data-element_type=\"widget\" data-e-type=\"widget\" data-widget_type=\"google_maps.default\">\n\t\t\t\t\t\t\t<div class=\"elementor-custom-embed\">\n\t\t\t<iframe loading=\"lazy\"\n\t\t\t\t\tsrc=\"https:\/\/maps.google.com\/maps?q=6050%20Bd%20des%20Grandes&#038;t=m&#038;z=13&#038;output=embed&#038;iwloc=near\"\n\t\t\t\t\ttitle=\"6050 Bd des Grandes\"\n\t\t\t\t\taria-label=\"6050 Bd des Grandes\"\n\t\t\t><\/iframe>\n\t\t<\/div>\n\t\t\t\t\t\t<\/div>\n\t\t\t\t\t<\/div>\n\t\t\t\t<\/div>\n\t\t\t\t<\/div>","protected":false},"excerpt":{"rendered":"<p>Contact Ready to start or not sure where to begin? Reaching out to health care providers can feel overwhelming. We&#8217;re here to help you feel supported throughout every step of this process. Don&#8217;t hesitate to reach out to using using our &#8220;Consultation Information&#8221; form below and we will contact you shortly. We look forward to [&hellip;]<\/p>\n","protected":false},"author":1,"featured_media":0,"parent":0,"menu_order":0,"comment_status":"closed","ping_status":"closed","template":"","meta":{"site-sidebar-layout":"no-sidebar","site-content-layout":"page-builder","ast-site-content-layout":"default","site-content-style":"default","site-sidebar-style":"default","ast-global-header-display":"","ast-banner-title-visibility":"","ast-main-header-display":"","ast-hfb-above-header-display":"","ast-hfb-below-header-display":"","ast-hfb-mobile-header-display":"","site-post-title":"","ast-breadcrumbs-content":"","ast-featured-img":"disabled","footer-sml-layout":"","ast-disable-related-posts":"","theme-transparent-header-meta":"enabled","adv-header-id-meta":"","stick-header-meta":"","header-above-stick-meta":"","header-main-stick-meta":"","header-below-stick-meta":"","astra-migrate-meta-layouts":"default","ast-page-background-enabled":"default","ast-page-background-meta":{"desktop":{"background-color":"var(--ast-global-color-5)","background-image":"","background-repeat":"repeat","background-position":"center center","background-size":"auto","background-attachment":"scroll","background-type":"","background-media":"","overlay-type":"","overlay-color":"","overlay-opacity":"","overlay-gradient":""},"tablet":{"background-color":"","background-image":"","background-repeat":"repeat","background-position":"center center","background-size":"auto","background-attachment":"scroll","background-type":"","background-media":"","overlay-type":"","overlay-color":"","overlay-opacity":"","overlay-gradient":""},"mobile":{"background-color":"","background-image":"","background-repeat":"repeat","background-position":"center center","background-size":"auto","background-attachment":"scroll","background-type":"","background-media":"","overlay-type":"","overlay-color":"","overlay-opacity":"","overlay-gradient":""}},"ast-content-background-meta":{"desktop":{"background-color":"var(--ast-global-color-4)","background-image":"","background-repeat":"repeat","background-position":"center center","background-size":"auto","background-attachment":"scroll","background-type":"","background-media":"","overlay-type":"","overlay-color":"","overlay-opacity":"","overlay-gradient":""},"tablet":{"background-color":"var(--ast-global-color-4)","background-image":"","background-repeat":"repeat","background-position":"center center","background-size":"auto","background-attachment":"scroll","background-type":"","background-media":"","overlay-type":"","overlay-color":"","overlay-opacity":"","overlay-gradient":""},"mobile":{"background-color":"var(--ast-global-color-4)","background-image":"","background-repeat":"repeat","background-position":"center center","background-size":"auto","background-attachment":"scroll","background-type":"","background-media":"","overlay-type":"","overlay-color":"","overlay-opacity":"","overlay-gradient":""}},"footnotes":""},"class_list":["post-1059","page","type-page","status-publish","hentry"],"_links":{"self":[{"href":"https:\/\/langagevibrant.com\/fr\/wp-json\/wp\/v2\/pages\/1059","targetHints":{"allow":["GET"]}}],"collection":[{"href":"https:\/\/langagevibrant.com\/fr\/wp-json\/wp\/v2\/pages"}],"about":[{"href":"https:\/\/langagevibrant.com\/fr\/wp-json\/wp\/v2\/types\/page"}],"author":[{"embeddable":true,"href":"https:\/\/langagevibrant.com\/fr\/wp-json\/wp\/v2\/users\/1"}],"replies":[{"embeddable":true,"href":"https:\/\/langagevibrant.com\/fr\/wp-json\/wp\/v2\/comments?post=1059"}],"version-history":[{"count":87,"href":"https:\/\/langagevibrant.com\/fr\/wp-json\/wp\/v2\/pages\/1059\/revisions"}],"predecessor-version":[{"id":2009,"href":"https:\/\/langagevibrant.com\/fr\/wp-json\/wp\/v2\/pages\/1059\/revisions\/2009"}],"wp:attachment":[{"href":"https:\/\/langagevibrant.com\/fr\/wp-json\/wp\/v2\/media?parent=1059"}],"curies":[{"name":"wp","href":"https:\/\/api.w.org\/{rel}","templated":true}]}}