{"id":1789,"date":"2026-03-26T01:05:29","date_gmt":"2026-03-26T05:05:29","guid":{"rendered":"https:\/\/langagevibrant.com\/?page_id=1789"},"modified":"2026-04-02T22:58:38","modified_gmt":"2026-04-03T02:58:38","slug":"privacy-policy","status":"publish","type":"page","link":"https:\/\/langagevibrant.com\/fr\/privacy-policy\/","title":{"rendered":""},"content":{"rendered":"<div data-elementor-type=\"wp-page\" data-elementor-id=\"1789\" class=\"elementor elementor-1789\">\n\t\t\t\t<div class=\"elementor-element elementor-element-5723dec e-flex e-con-boxed e-con e-parent\" data-id=\"5723dec\" data-element_type=\"container\" data-e-type=\"container\">\n\t\t\t\t\t<div class=\"e-con-inner\">\n\t\t\t\t\t<\/div>\n\t\t\t\t<\/div>\n\t\t<div class=\"elementor-element elementor-element-6d62b08 e-flex e-con-boxed e-con e-parent\" data-id=\"6d62b08\" data-element_type=\"container\" data-e-type=\"container\">\n\t\t\t\t\t<div class=\"e-con-inner\">\n\t\t<div class=\"elementor-element elementor-element-a50faee e-con-full e-flex e-con e-child\" data-id=\"a50faee\" data-element_type=\"container\" data-e-type=\"container\">\n\t\t\t\t<div class=\"elementor-element elementor-element-4badd41 elementor-widget elementor-widget-heading\" data-id=\"4badd41\" data-element_type=\"widget\" data-e-type=\"widget\" data-widget_type=\"heading.default\">\n\t\t\t\t\t<h2 class=\"elementor-heading-title elementor-size-default\">Politique de confidentialit\u00e9<\/h2>\t\t\t\t<\/div>\n\t\t\t\t<div class=\"elementor-element elementor-element-7498543 elementor-widget elementor-widget-text-editor\" data-id=\"7498543\" data-element_type=\"widget\" data-e-type=\"widget\" data-widget_type=\"text-editor.default\">\n\t\t\t\t\t\t\t\t\t<p>Chez la Clinique Langage Vibrant nous nous engageons \u00e0 prot\u00e9ger vos donn\u00e9es personnelles et \u00e0 respecter votre vie priv\u00e9e.<\/p><p>Cette politique de confidentialit\u00e9 d\u00e9crit nos pratiques relatives \u00e0 la collecte, l'utilisation et la divulgation des donn\u00e9es personnelles sur ce site web (ci-apr\u00e8s d\u00e9nomm\u00e9 le \u00ab Site web \u00bb).<\/p><p><strong>Renseignements personnels que nous recueillons<\/strong><\/p><p>Nous recueillons des informations personnelles, notamment, mais sans s'y limiter, votre nom, votre date de naissance, vos coordonn\u00e9es et des d\u00e9tails pertinents concernant le d\u00e9veloppement langagier, lorsque vous remplissez notre formulaire en ligne \u00ab Informations de consultation \u00bb ou lorsque vous nous contactez directement.<\/p><p><strong>Finalit\u00e9s de la collecte de ces renseignements<\/strong><\/p><p>Ces informations sont collect\u00e9es afin de :<\/p><ul><li>Communiquer avec vous<\/li><li>G\u00e9rer vos demandes d'acc\u00e8s aux services<\/li><li>Vous informer des options qui s'offrent \u00e0 vous lorsque vous recherchez des services d'orthophonie<\/li><li>Traiter et conserver les dossiers des clients<\/li><li>Fournir des services d'orthophonie personnalis\u00e9s<\/li><\/ul><p><strong>Consentement \u00e0 la collecte, l'utilisation et la communication des renseignements personnels<\/strong><\/p><p>En utilisant Site web pour nous communiquer vos informations, vous consentez \u00e0 la collecte et \u00e0 l'utilisation de celles-ci aux fins d\u00e9crites ci-dessus. Vous pouvez \u00e0 tout moment demander \u00e0 consulter vos informations personnelles, demander des corrections ou retirer votre consentement en nous contactant \u00e0 l'adresse courriel suivante <a href=\"mailto:info@langagevibrant.com\">info@langagevibrant.com<\/a>.<\/p><p>Vos informations personnelles ne seront pas partag\u00e9es avec des tiers sans votre consentement explicite, sauf si la loi l'exige ou \u00e0 des fins administratives. La divulgation de toute information personnelle dans de telles circonstances se fera dans le respect des lois applicables en mati\u00e8re de protection des donn\u00e9es.<\/p><p><strong>Conservation et mesures de s\u00e9curit\u00e9<\/strong><\/p><p>Vos donn\u00e9es personnelles sont conserv\u00e9es en toute s\u00e9curit\u00e9 et conform\u00e9ment aux normes professionnelles en vigueur. Elles ne sont conserv\u00e9es que pendant la dur\u00e9e n\u00e9cessaire \u00e0 la r\u00e9alisation des finalit\u00e9s pour lesquelles elles ont \u00e9t\u00e9 collect\u00e9es et au respect des obligations l\u00e9gales. Une fois le dossier d'un client de la Clinique Langage Vibrant cl\u00f4tur\u00e9, les informations qu'il contient sont conserv\u00e9es pendant cinq ans \u00e0 compter de la date de la derni\u00e8re prestation fournie, puis d\u00e9truites conform\u00e9ment \u00e0 la loi. La Clinique Langage Vibrant s'engage \u00e0 garantir que vos donn\u00e9es personnelles sont stock\u00e9es en toute s\u00e9curit\u00e9 et ne sont accessibles qu'aux personnes autoris\u00e9es. Nous prenons des mesures de s\u00e9curit\u00e9 pour prot\u00e9ger vos informations personnelles contre tout acc\u00e8s non autoris\u00e9, perte, divulgation, alt\u00e9ration ou destruction, selon le cas.<\/p><p><strong>Cookies<\/strong><\/p><p>Notre site web peut utiliser des cookies afin d'am\u00e9liorer votre exp\u00e9rience.<\/p><p><strong>La Loi 25<\/strong><\/p><p>Au Qu\u00e9bec, la Loi 25 stipule que toute personne exer\u00e7ant une activit\u00e9 commerciale est responsable de la protection des renseignements personnels qu\u2019elle recueille. La loi pr\u00e9voit \u00e9galement qu\u2019une personne doit \u00eatre d\u00e9sign\u00e9e pour assurer la protection de ces renseignements. \u00c9tant donn\u00e9 que je, Olivia Rotondo, suis la personne charg\u00e9e de la protection des renseignements recueillis, veuillez me contacter \u00e0 l\u2019adresse courriel suivante <a href=\"mailto:olivia@langagevibrant.com\">olivia@langagevibrant.com<\/a> pour toute question concernant la pr\u00e9sente politique de confidentialit\u00e9.<\/p><p>En visitant notre Site web, vous acceptez les conditions de la pr\u00e9sente politique de confidentialit\u00e9.<\/p><p>Last updated March 26, 2026<\/p>\t\t\t\t\t\t\t\t<\/div>\n\t\t\t\t<\/div>\n\t\t\t\t\t<\/div>\n\t\t\t\t<\/div>\n\t\t\t\t<\/div>","protected":false},"excerpt":{"rendered":"<p>Privacy Policy At Vibrant Language Clinic we are committed to protecting your personal information and respecting your privacy. The following privacy policy outlines privacy practices with respect to the collection, use and disclosure of personal data on this website (hereafter referred to as the &#8220;website&#8221;). Information We Collect We collect personal information that includes, but [&hellip;]<\/p>\n","protected":false},"author":1,"featured_media":0,"parent":0,"menu_order":0,"comment_status":"closed","ping_status":"closed","template":"","meta":{"site-sidebar-layout":"no-sidebar","site-content-layout":"page-builder","ast-site-content-layout":"full-width-container","site-content-style":"default","site-sidebar-style":"default","ast-global-header-display":"","ast-banner-title-visibility":"","ast-main-header-display":"","ast-hfb-above-header-display":"","ast-hfb-below-header-display":"","ast-hfb-mobile-header-display":"","site-post-title":"","ast-breadcrumbs-content":"","ast-featured-img":"disabled","footer-sml-layout":"","ast-disable-related-posts":"","theme-transparent-header-meta":"","adv-header-id-meta":"","stick-header-meta":"","header-above-stick-meta":"","header-main-stick-meta":"","header-below-stick-meta":"","astra-migrate-meta-layouts":"default","ast-page-background-enabled":"default","ast-page-background-meta":{"desktop":{"background-color":"var(--ast-global-color-5)","background-image":"","background-repeat":"repeat","background-position":"center center","background-size":"auto","background-attachment":"scroll","background-type":"","background-media":"","overlay-type":"","overlay-color":"","overlay-opacity":"","overlay-gradient":""},"tablet":{"background-color":"","background-image":"","background-repeat":"repeat","background-position":"center center","background-size":"auto","background-attachment":"scroll","background-type":"","background-media":"","overlay-type":"","overlay-color":"","overlay-opacity":"","overlay-gradient":""},"mobile":{"background-color":"","background-image":"","background-repeat":"repeat","background-position":"center center","background-size":"auto","background-attachment":"scroll","background-type":"","background-media":"","overlay-type":"","overlay-color":"","overlay-opacity":"","overlay-gradient":""}},"ast-content-background-meta":{"desktop":{"background-color":"var(--ast-global-color-4)","background-image":"","background-repeat":"repeat","background-position":"center center","background-size":"auto","background-attachment":"scroll","background-type":"","background-media":"","overlay-type":"","overlay-color":"","overlay-opacity":"","overlay-gradient":""},"tablet":{"background-color":"var(--ast-global-color-4)","background-image":"","background-repeat":"repeat","background-position":"center center","background-size":"auto","background-attachment":"scroll","background-type":"","background-media":"","overlay-type":"","overlay-color":"","overlay-opacity":"","overlay-gradient":""},"mobile":{"background-color":"var(--ast-global-color-4)","background-image":"","background-repeat":"repeat","background-position":"center center","background-size":"auto","background-attachment":"scroll","background-type":"","background-media":"","overlay-type":"","overlay-color":"","overlay-opacity":"","overlay-gradient":""}},"footnotes":""},"class_list":["post-1789","page","type-page","status-publish","hentry"],"_links":{"self":[{"href":"https:\/\/langagevibrant.com\/fr\/wp-json\/wp\/v2\/pages\/1789","targetHints":{"allow":["GET"]}}],"collection":[{"href":"https:\/\/langagevibrant.com\/fr\/wp-json\/wp\/v2\/pages"}],"about":[{"href":"https:\/\/langagevibrant.com\/fr\/wp-json\/wp\/v2\/types\/page"}],"author":[{"embeddable":true,"href":"https:\/\/langagevibrant.com\/fr\/wp-json\/wp\/v2\/users\/1"}],"replies":[{"embeddable":true,"href":"https:\/\/langagevibrant.com\/fr\/wp-json\/wp\/v2\/comments?post=1789"}],"version-history":[{"count":33,"href":"https:\/\/langagevibrant.com\/fr\/wp-json\/wp\/v2\/pages\/1789\/revisions"}],"predecessor-version":[{"id":1878,"href":"https:\/\/langagevibrant.com\/fr\/wp-json\/wp\/v2\/pages\/1789\/revisions\/1878"}],"wp:attachment":[{"href":"https:\/\/langagevibrant.com\/fr\/wp-json\/wp\/v2\/media?parent=1789"}],"curies":[{"name":"wp","href":"https:\/\/api.w.org\/{rel}","templated":true}]}}