{"id":739,"date":"2026-03-24T03:58:05","date_gmt":"2026-03-24T03:58:05","guid":{"rendered":"https:\/\/langagevibrant.com\/program\/"},"modified":"2026-04-06T23:19:40","modified_gmt":"2026-04-07T03:19:40","slug":"services","status":"publish","type":"page","link":"https:\/\/langagevibrant.com\/fr\/services\/","title":{"rendered":"Services"},"content":{"rendered":"<div data-elementor-type=\"wp-page\" data-elementor-id=\"739\" class=\"elementor elementor-739\">\n\t\t\t\t<div class=\"elementor-element elementor-element-6b9075a e-flex e-con-boxed e-con e-parent\" data-id=\"6b9075a\" data-element_type=\"container\" data-e-type=\"container\" data-settings=\"{&quot;background_background&quot;:&quot;classic&quot;}\">\n\t\t\t\t\t<div class=\"e-con-inner\">\n\t\t<div class=\"elementor-element elementor-element-b752f07 e-con-full e-flex e-con e-child\" data-id=\"b752f07\" data-element_type=\"container\" data-e-type=\"container\">\n\t\t<div class=\"elementor-element elementor-element-14b0c19 e-flex e-con-boxed e-con e-child\" data-id=\"14b0c19\" data-element_type=\"container\" data-e-type=\"container\">\n\t\t\t\t\t<div class=\"e-con-inner\">\n\t\t<div class=\"elementor-element elementor-element-32647f2 e-con-full e-flex e-con e-child\" data-id=\"32647f2\" data-element_type=\"container\" data-e-type=\"container\">\n\t\t\t\t<div class=\"elementor-element elementor-element-076c624 elementor-widget elementor-widget-heading\" data-id=\"076c624\" data-element_type=\"widget\" data-e-type=\"widget\" data-widget_type=\"heading.default\">\n\t\t\t\t\t<h6 class=\"elementor-heading-title elementor-size-default\">Notre approche<\/h6>\t\t\t\t<\/div>\n\t\t\t\t<div class=\"elementor-element elementor-element-0161e26 elementor-widget elementor-widget-heading\" data-id=\"0161e26\" data-element_type=\"widget\" data-e-type=\"widget\" data-widget_type=\"heading.default\">\n\t\t\t\t\t<h2 class=\"elementor-heading-title elementor-size-default\">Vise \u00e0 aider chacun \u00e0 atteindre son plein potentiel, un objectif fonctionnel \u00e0 la fois<\/h2>\t\t\t\t<\/div>\n\t\t\t\t<\/div>\n\t\t\t\t\t<\/div>\n\t\t\t\t<\/div>\n\t\t\t\t<\/div>\n\t\t\t\t\t<\/div>\n\t\t\t\t<\/div>\n\t\t<div class=\"elementor-element elementor-element-5209ed0 e-flex e-con-boxed e-con e-parent\" data-id=\"5209ed0\" data-element_type=\"container\" data-e-type=\"container\" data-settings=\"{&quot;background_background&quot;:&quot;classic&quot;}\">\n\t\t\t\t\t<div class=\"e-con-inner\">\n\t\t<div class=\"elementor-element elementor-element-20a2e04 e-con-full e-flex e-con e-child\" data-id=\"20a2e04\" data-element_type=\"container\" data-e-type=\"container\">\n\t\t<div class=\"elementor-element elementor-element-7255940 e-con-full e-flex e-con e-child\" data-id=\"7255940\" data-element_type=\"container\" data-e-type=\"container\">\n\t\t<div class=\"elementor-element elementor-element-5691f40 e-con-full e-flex e-con e-child\" data-id=\"5691f40\" data-element_type=\"container\" data-e-type=\"container\">\n\t\t\t\t<div class=\"elementor-element elementor-element-15efda6 elementor-widget elementor-widget-heading\" data-id=\"15efda6\" data-element_type=\"widget\" data-e-type=\"widget\" data-widget_type=\"heading.default\">\n\t\t\t\t\t<h6 class=\"elementor-heading-title elementor-size-default\">Pourquoi choisir la Clinique Langage Vibrant?<\/h6>\t\t\t\t<\/div>\n\t\t\t\t<div class=\"elementor-element elementor-element-da79888 elementor-widget elementor-widget-heading\" data-id=\"da79888\" data-element_type=\"widget\" data-e-type=\"widget\" data-widget_type=\"heading.default\">\n\t\t\t\t\t<p class=\"elementor-heading-title elementor-size-default\"> Les services d'\u00e9valuation vont au-del\u00e0 des scores standardis\u00e9s en recueillant des informations provenant de tous les contextes de communication et d'apprentissage afin de mieux comprendre les impacts fonctionnels des difficult\u00e9s langagi\u00e8res d'un client. <\/p>\t\t\t\t<\/div>\n\t\t\t\t<div class=\"elementor-element elementor-element-b0887dc elementor-widget elementor-widget-heading\" data-id=\"b0887dc\" data-element_type=\"widget\" data-e-type=\"widget\" data-widget_type=\"heading.default\">\n\t\t\t\t\t<p class=\"elementor-heading-title elementor-size-default\"><span>Les services d'intervention sont toujours soigneusement planifi\u00e9s en tenant compte des int\u00e9r\u00eats du client ainsi que de son profil, tant au niveau de ses forces que de ses limitations, afin de proposer des s\u00e9ances toujours motivantes et encourageantes. Nous avons \u00e0 c\u0153ur d'instiller \u00e0 tous nos clients le go\u00fbt d'apprendre en leur montrant que travailler \u00e0 la r\u00e9alisation de leurs objectifs peut \u00eatre une exp\u00e9rience positive.<\/span><\/p>\t\t\t\t<\/div>\n\t\t\t\t<\/div>\n\t\t<div class=\"elementor-element elementor-element-41dd485 e-con-full e-flex e-con e-child\" data-id=\"41dd485\" data-element_type=\"container\" data-e-type=\"container\">\n\t\t\t\t<div class=\"elementor-element elementor-element-092d957 elementor-widget elementor-widget-heading\" data-id=\"092d957\" data-element_type=\"widget\" data-e-type=\"widget\" data-widget_type=\"heading.default\">\n\t\t\t\t\t<h5 class=\"elementor-heading-title elementor-size-default\">Pr\u00eat \u00e0 commencer? Voici un aper\u00e7u des prochaines \u00e9tapes<\/h5>\t\t\t\t<\/div>\n\t\t\t\t<div class=\"elementor-element elementor-element-02fcfbe elementor-widget elementor-widget-icon-box\" data-id=\"02fcfbe\" data-element_type=\"widget\" data-e-type=\"widget\" data-widget_type=\"icon-box.default\">\n\t\t\t\t\t\t\t<div class=\"elementor-icon-box-wrapper\">\n\n\t\t\t\n\t\t\t\t\t\t<div class=\"elementor-icon-box-content\">\n\n\t\t\t\t\t\t\t\t\t<h5 class=\"elementor-icon-box-title\">\n\t\t\t\t\t\t<span  >\n\t\t\t\t\t\t\tRencontre de consultation initiale\t\t\t\t\t\t<\/span>\n\t\t\t\t\t<\/h5>\n\t\t\t\t\n\t\t\t\t\t\t\t\t\t<p class=\"elementor-icon-box-description\">\n\t\t\t\t\t\tLa dur\u00e9e de cette premi\u00e8re rencontre varie d'une famille \u00e0 l'autre, en fonction des questions que vous avez sur les services d'orthophonie et si vous avez d\u00e9j\u00e0 b\u00e9n\u00e9fici\u00e9 de ces services ou non.\t\t\t\t\t<\/p>\n\t\t\t\t\n\t\t\t<\/div>\n\t\t\t\n\t\t<\/div>\n\t\t\t\t\t\t<\/div>\n\t\t\t\t<div class=\"elementor-element elementor-element-52925fa elementor-widget elementor-widget-icon-box\" data-id=\"52925fa\" data-element_type=\"widget\" data-e-type=\"widget\" data-widget_type=\"icon-box.default\">\n\t\t\t\t\t\t\t<div class=\"elementor-icon-box-wrapper\">\n\n\t\t\t\n\t\t\t\t\t\t<div class=\"elementor-icon-box-content\">\n\n\t\t\t\t\t\t\t\t\t<h5 class=\"elementor-icon-box-title\">\n\t\t\t\t\t\t<span  >\n\t\t\t\t\t\t\t\u00c9valuation\t\t\t\t\t\t<\/span>\n\t\t\t\t\t<\/h5>\n\t\t\t\t\n\t\t\t\t\t\t\t\t\t<p class=\"elementor-icon-box-description\">\n\t\t\t\t\t\tNous sommes conscients de l'importance d'utiliser \u00e0 la fois des mesures d'\u00e9valuation standardis\u00e9es et dynamiques afin de mieux cerner le profil langagier actuel d'un client. Bien qu'une \u00e9valuation ne soit qu'un aper\u00e7u d'un moment pr\u00e9cis, nous nous appuyons sur les r\u00e9sultats obtenus pour \u00e9laborer notre plan d'intervention, afin de nous assurer qu'il r\u00e9ponde au mieux \u00e0 vos besoins et\/ou \u00e0 ceux de votre enfant.\t\t\t\t\t<\/p>\n\t\t\t\t\n\t\t\t<\/div>\n\t\t\t\n\t\t<\/div>\n\t\t\t\t\t\t<\/div>\n\t\t\t\t<div class=\"elementor-element elementor-element-0f94bb7 elementor-widget elementor-widget-icon-box\" data-id=\"0f94bb7\" data-element_type=\"widget\" data-e-type=\"widget\" data-widget_type=\"icon-box.default\">\n\t\t\t\t\t\t\t<div class=\"elementor-icon-box-wrapper\">\n\n\t\t\t\n\t\t\t\t\t\t<div class=\"elementor-icon-box-content\">\n\n\t\t\t\t\t\t\t\t\t<h5 class=\"elementor-icon-box-title\">\n\t\t\t\t\t\t<span  >\n\t\t\t\t\t\t\tIntervention\t\t\t\t\t\t<\/span>\n\t\t\t\t\t<\/h5>\n\t\t\t\t\n\t\t\t\t\t\t\t\t\t<p class=\"elementor-icon-box-description\">\n\t\t\t\t\t\tUne fois le plan d'intervention cr\u00e9\u00e9, les s\u00e9ances peuvent commencer ! Les services d'intervention sont propos\u00e9s en pr\u00e9sentiel et \u00e0 distance. Les horaires des s\u00e9ances sont fix\u00e9s en tenant compte des routines et des disponibilit\u00e9s de chaque famille, afin de faciliter le transfert des acquis en clinique vers la vie quotidienne, d'une mani\u00e8re qui soit r\u00e9aliste et durable pour toutes les personnes concern\u00e9es.\t\t\t\t\t<\/p>\n\t\t\t\t\n\t\t\t<\/div>\n\t\t\t\n\t\t<\/div>\n\t\t\t\t\t\t<\/div>\n\t\t\t\t<\/div>\n\t\t\t\t<\/div>\n\t\t\t\t<\/div>\n\t\t\t\t\t<\/div>\n\t\t\t\t<\/div>\n\t\t\t\t<\/div>","protected":false},"excerpt":{"rendered":"<p>Our approach Designed to help individuals realize their full potential, one functional goal at a time Why us Evaluation services go beyond standardized scores by gathering information from all communicative and learning contexts. This way, we can gain a better understanding of the functional impacts of a client&#8217;s speech and language difficulties across settings. Intervention [&hellip;]<\/p>\n","protected":false},"author":1,"featured_media":0,"parent":0,"menu_order":0,"comment_status":"closed","ping_status":"closed","template":"","meta":{"site-sidebar-layout":"no-sidebar","site-content-layout":"page-builder","ast-site-content-layout":"default","site-content-style":"default","site-sidebar-style":"default","ast-global-header-display":"","ast-banner-title-visibility":"","ast-main-header-display":"","ast-hfb-above-header-display":"","ast-hfb-below-header-display":"","ast-hfb-mobile-header-display":"","site-post-title":"","ast-breadcrumbs-content":"","ast-featured-img":"disabled","footer-sml-layout":"","ast-disable-related-posts":"","theme-transparent-header-meta":"enabled","adv-header-id-meta":"","stick-header-meta":"","header-above-stick-meta":"","header-main-stick-meta":"","header-below-stick-meta":"","astra-migrate-meta-layouts":"default","ast-page-background-enabled":"default","ast-page-background-meta":{"desktop":{"background-color":"var(--ast-global-color-5)","background-image":"","background-repeat":"repeat","background-position":"center center","background-size":"auto","background-attachment":"scroll","background-type":"","background-media":"","overlay-type":"","overlay-color":"","overlay-opacity":"","overlay-gradient":""},"tablet":{"background-color":"","background-image":"","background-repeat":"repeat","background-position":"center center","background-size":"auto","background-attachment":"scroll","background-type":"","background-media":"","overlay-type":"","overlay-color":"","overlay-opacity":"","overlay-gradient":""},"mobile":{"background-color":"","background-image":"","background-repeat":"repeat","background-position":"center center","background-size":"auto","background-attachment":"scroll","background-type":"","background-media":"","overlay-type":"","overlay-color":"","overlay-opacity":"","overlay-gradient":""}},"ast-content-background-meta":{"desktop":{"background-color":"var(--ast-global-color-4)","background-image":"","background-repeat":"repeat","background-position":"center center","background-size":"auto","background-attachment":"scroll","background-type":"","background-media":"","overlay-type":"","overlay-color":"","overlay-opacity":"","overlay-gradient":""},"tablet":{"background-color":"var(--ast-global-color-4)","background-image":"","background-repeat":"repeat","background-position":"center center","background-size":"auto","background-attachment":"scroll","background-type":"","background-media":"","overlay-type":"","overlay-color":"","overlay-opacity":"","overlay-gradient":""},"mobile":{"background-color":"var(--ast-global-color-4)","background-image":"","background-repeat":"repeat","background-position":"center center","background-size":"auto","background-attachment":"scroll","background-type":"","background-media":"","overlay-type":"","overlay-color":"","overlay-opacity":"","overlay-gradient":""}},"footnotes":""},"class_list":["post-739","page","type-page","status-publish","hentry"],"_links":{"self":[{"href":"https:\/\/langagevibrant.com\/fr\/wp-json\/wp\/v2\/pages\/739","targetHints":{"allow":["GET"]}}],"collection":[{"href":"https:\/\/langagevibrant.com\/fr\/wp-json\/wp\/v2\/pages"}],"about":[{"href":"https:\/\/langagevibrant.com\/fr\/wp-json\/wp\/v2\/types\/page"}],"author":[{"embeddable":true,"href":"https:\/\/langagevibrant.com\/fr\/wp-json\/wp\/v2\/users\/1"}],"replies":[{"embeddable":true,"href":"https:\/\/langagevibrant.com\/fr\/wp-json\/wp\/v2\/comments?post=739"}],"version-history":[{"count":57,"href":"https:\/\/langagevibrant.com\/fr\/wp-json\/wp\/v2\/pages\/739\/revisions"}],"predecessor-version":[{"id":2006,"href":"https:\/\/langagevibrant.com\/fr\/wp-json\/wp\/v2\/pages\/739\/revisions\/2006"}],"wp:attachment":[{"href":"https:\/\/langagevibrant.com\/fr\/wp-json\/wp\/v2\/media?parent=739"}],"curies":[{"name":"wp","href":"https:\/\/api.w.org\/{rel}","templated":true}]}}